{"id":1328,"date":"2026-02-20T17:22:42","date_gmt":"2026-02-20T16:22:42","guid":{"rendered":"https:\/\/lapetitejardineriedethaon.fr\/?post_type=product&#038;p=1328"},"modified":"2026-02-20T17:25:51","modified_gmt":"2026-02-20T16:25:51","slug":"bougie-artisanale-50gr","status":"publish","type":"product","link":"https:\/\/lapetitejardineriedethaon.fr\/index.php\/produit\/bougie-artisanale-50gr\/","title":{"rendered":"Bougie Artisanale &#8211; 50gr"},"content":{"rendered":"<p data-start=\"428\" data-end=\"680\">Laissez-vous s\u00e9duire par cette bougie parfum\u00e9e artisanale vegan, fabriqu\u00e9e \u00e0 la main \u00e0 partir de cire v\u00e9g\u00e9tale de coco. Naturelle et sans paraffine, elle garantit une combustion propre et saine tout en offrant une diffusion douce et continue du parfum.<\/p>\n<p data-start=\"682\" data-end=\"850\">Gr\u00e2ce \u00e0 sa m\u00e8che en coton et chanvre, la combustion est r\u00e9guli\u00e8re et homog\u00e8ne, permettant de profiter pleinement de son ambiance chaleureuse et de sa lumi\u00e8re apaisante.<\/p>\n<p data-start=\"852\" data-end=\"1059\">Pr\u00e9sent\u00e9e dans une bo\u00eete d\u00e9corative \u00e9l\u00e9gante (mod\u00e8les envoy\u00e9s al\u00e9atoirement), cette bougie au format pratique est id\u00e9ale pour offrir, d\u00e9couvrir plusieurs senteurs ou parfumer d\u00e9licatement les petits espaces.<\/p>\n<h3 data-start=\"1061\" data-end=\"1089\">\u2728 Fragrances disponibles<\/h3>\n<ul data-start=\"1090\" data-end=\"1260\">\n<li data-start=\"1090\" data-end=\"1111\">\n<p data-start=\"1092\" data-end=\"1111\">\ud83c\udf39 Rose \u00e9ternelle<\/p>\n<\/li>\n<li data-start=\"1112\" data-end=\"1132\">\n<p data-start=\"1114\" data-end=\"1132\">\ud83c\udf4e Pomme d\u2019amour<\/p>\n<\/li>\n<li data-start=\"1133\" data-end=\"1154\">\n<p data-start=\"1135\" data-end=\"1154\">\ud83e\udd0d Musc cristalin<\/p>\n<\/li>\n<li data-start=\"1155\" data-end=\"1177\">\n<p data-start=\"1157\" data-end=\"1177\">\ud83c\udf3a Fleurs des \u00eeles<\/p>\n<\/li>\n<li data-start=\"1178\" data-end=\"1200\">\n<p data-start=\"1180\" data-end=\"1200\">\u2601\ufe0f Fleurs de coton<\/p>\n<\/li>\n<li data-start=\"1201\" data-end=\"1223\">\n<p data-start=\"1203\" data-end=\"1223\">\ud83c\udf6c Bonbon violette<\/p>\n<\/li>\n<li data-start=\"1224\" data-end=\"1239\">\n<p data-start=\"1226\" data-end=\"1239\">\ud83c\udf30 Noisette<\/p>\n<\/li>\n<li data-start=\"1240\" data-end=\"1260\">\n<p data-start=\"1242\" data-end=\"1260\">\ud83c\udf51 Fruit d\u00e9fendu<\/p>\n<\/li>\n<\/ul>\n<h3 data-start=\"1262\" data-end=\"1284\">\u2728 Caract\u00e9ristiques<\/h3>\n<ul data-start=\"1285\" data-end=\"1512\">\n<li data-start=\"1285\" data-end=\"1310\">\n<p data-start=\"1287\" data-end=\"1310\">Cire v\u00e9g\u00e9tale de coco<\/p>\n<\/li>\n<li data-start=\"1311\" data-end=\"1336\">\n<p data-start=\"1313\" data-end=\"1336\">Fragrances naturelles<\/p>\n<\/li>\n<li data-start=\"1337\" data-end=\"1363\">\n<p data-start=\"1339\" data-end=\"1363\">Vegan &amp; sans paraffine<\/p>\n<\/li>\n<li data-start=\"1364\" data-end=\"1393\">\n<p data-start=\"1366\" data-end=\"1393\">M\u00e8che en coton et chanvre<\/p>\n<\/li>\n<li data-start=\"1394\" data-end=\"1435\">\n<p data-start=\"1396\" data-end=\"1435\">Bo\u00eete d\u00e9corative (mod\u00e8les al\u00e9atoires)<\/p>\n<\/li>\n<li data-start=\"1436\" data-end=\"1457\">\n<p data-start=\"1438\" data-end=\"1457\">Contenance : 50 g<\/p>\n<\/li>\n<li data-start=\"1458\" data-end=\"1478\">\n<p data-start=\"1460\" data-end=\"1478\">Combution propre<\/p>\n<\/li>\n<li data-start=\"1479\" data-end=\"1512\">\n<p data-start=\"1481\" data-end=\"1512\">Format pratique &amp; id\u00e9e cadeau<\/p>\n<\/li>\n<\/ul>\n<h3 data-start=\"1514\" data-end=\"1532\">\ud83c\udf3f Id\u00e9ale pour<\/h3>\n<ul data-start=\"1533\" data-end=\"1683\">\n<li data-start=\"1533\" data-end=\"1573\">\n<p data-start=\"1535\" data-end=\"1573\">cr\u00e9er une ambiance douce et parfum\u00e9e<\/p>\n<\/li>\n<li data-start=\"1574\" data-end=\"1608\">\n<p data-start=\"1576\" data-end=\"1608\">d\u00e9couvrir diff\u00e9rentes senteurs<\/p>\n<\/li>\n<li data-start=\"1609\" data-end=\"1640\">\n<p data-start=\"1611\" data-end=\"1640\">parfumer les petits espaces<\/p>\n<\/li>\n<li data-start=\"1641\" data-end=\"1683\">\n<p data-start=\"1643\" data-end=\"1683\">offrir un cadeau original et artisanal<\/p>\n<\/li>\n<\/ul>\n<p data-start=\"1685\" data-end=\"1765\">Chaque bougie est r\u00e9alis\u00e9e artisanalement, ce qui la rend unique et authentique.<\/p>\n<p data-start=\"1685\" data-end=\"1765\">Indiquez moi la\/les Fragrance(s) choisis dans le formulaire<\/p>\n<div data-test='contact-form'\n\t\t\tid='contact-form-1328'\n\t\t\tclass='wp-block-jetpack-contact-form-container '\n\t\t\tdata-wp-interactive='jetpack\/form' data-wp-context='{\"formId\":\"1328\",\"formHash\":\"0665a702e1fb90f08ce3b3c4d79d691de451baaa\",\"showErrors\":false,\"errors\":[],\"fields\":[],\"isMultiStep\":false,\"useAjax\":true,\"submissionData\":null,\"formattedSubmissionData\":[],\"submissionSuccess\":false,\"submissionError\":null,\"elementId\":\"jp-form-0665a702e1fb90f08ce3b3c4d79d691de451baaa\",\"isSingleInputForm\":false}'\n\t\t\tdata-wp-watch--scroll-to-wrapper=\"callbacks.scrollToWrapper\"\n\t\t>\n<div class=\"contact-form-submission contact-form-ajax-submission\" data-wp-class--submission-success=\"context.submissionSuccess\"><p class=\"go-back-message\"><a class=\"link\" role=\"button\" tabindex=\"0\" data-wp-on--click=\"actions.goBack\" href=\"\/index.php\/wp-json\/wp\/v2\/product\/1328\">Go back<\/a><\/p><h4 id=\"contact-form-success-header\">Your message has been sent<\/h4>\n\n<template data-wp-each--submission=\"context.formattedSubmissionData\">\n\t\t\t\t\t<div class=\"jetpack_forms_contact-form-success-summary\">\n\t\t\t\t\t\t<div class=\"field-name\" data-wp-text=\"context.submission.label\" data-wp-bind--hidden=\"!context.submission.label\"><\/div>\n\t\t\t\t\t\t<div class=\"field-value\" data-wp-text=\"context.submission.value\"><\/div>\n\t\t\t\t\t\t<div class=\"field-images\" data-wp-bind--hidden=\"!context.submission.images\">\n\t\t\t\t\t\t\t<template data-wp-each--image=\"context.submission.images\">\n\t\t\t\t\t\t\t\t<figure class=\"field-image\" data-wp-class--is-empty=\"!context.image\">\n\t\t\t\t\t\t\t\t\t<img data-wp-bind--src=\"context.image\" data-wp-bind--hidden=\"!context.image\" \/>\n\t\t\t\t\t\t\t\t\t<img decoding=\"async\" src=\"data:image\/gif;base64,R0lGODlhAQABAAD\/ACwAAAAAAQABAAACADs=\" data-wp-bind--hidden=\"context.image\" \/>\n\t\t\t\t\t\t\t\t<\/figure>\n\t\t\t\t\t\t\t<\/template>\n\t\t\t\t\t\t<\/div>\n\t\t\t\t\t<\/div>\n\t\t\t\t<\/template><\/div><form action='https:\/\/lapetitejardineriedethaon.fr\/index.php\/produit\/bougie-artisanale-50gr\/'\n\t\t\t\tid='jp-form-0665a702e1fb90f08ce3b3c4d79d691de451baaa'\n\t\t\t\tmethod='post'\n\t\t\t\tclass='contact-form commentsblock' aria-label=\"Bougie Artisanale - 50gr\"\n\t\t\t\tdata-wp-on--submit=\"actions.onFormSubmit\"\n\t\t\t\tdata-wp-on--reset=\"actions.onFormReset\"\n\t\t\t\tdata-wp-class--submission-success=\"context.submissionSuccess\"\n\t\t\t\tdata-wp-class--is-first-step=\"state.isFirstStep\"\n\t\t\t\tdata-wp-class--is-last-step=\"state.isLastStep\"\n\t\t\t\tdata-wp-class--is-ajax-form=\"context.useAjax\"\n\t\t\t\tnovalidate >\n<input type='hidden' name='jetpack_contact_form_jwt' value='eyJ0eXAiOiJKV1QiLCJhbGciOiJIUzI1NiJ9.eyJlbmNyeXB0ZWRfYXR0cmlidXRlcyI6ImZWNXBySS85S0MxcXNudXN3UC9SbTI1UlM4Nnh4QUM1cnNwaGEvbjhHRkp2bzJvMlRnWXNBMmR4N3JxSE5FTk1TR0VrZXlkd1dRaXdZYUwxOVNycEdyQnpqeGpWeUhlYVE0V2p0Vy9DUmM2RTdVLzlNOU1EdGgwTUtydVVPTm1pYmtINlg2RGREbWZHbVVMYU5abmx0Y0krd0NHaDhqdkFBNU9FWWVwS1JwTWtrSWdlSkYwa3M3dmc0aUp3R3VBVW9kR2xGZytHT2FuQ3BSd2t5eHJURE03K00zK0dZbm9vZ2kwbzhDOWpwYjg5N1NSL3k3SFVmeSs0UlVhOU1nbjd0N2JLUFpxaFNmMGVmOVVLNGhmcVFMOFFFWXd3dmYweFBsZnFzd2tsZXVTaVMrb2N4REw0cFVMR3hHOFY5OW13d2EwekIwa0Zkb0NVeXpRQUtzSUVld0dLWTFCdkZOZGczZmdzaEFRN1lFUlY3aTA5aEl4QVN0ZzZsK1B6b0tDUXhCSG5JUkRaTitTdHdOTjNBakFCTW9hOFduWUViRUhJdWhYS2F5UlJFVkhEcWxVcFgvTllKRzAxcWZ4QkMwV1NaWW1VZXpQUDRhZmxOcTdEdlRCVDRwMHp3SUptTHlWdXZEWXZ5ZTN3bmRiNmg5S2JYUXpNcTJubnYrYnJuR0paMDV0ZEdDMWtqRjVJZ3VQS1ZudEdFdnRnOFgvUGY5aW9TZFNOTFNIT1pwUlhhY2RzbElUTExBaUtrWVdBem9MbEt1aGJsRU9EblBzTStCVVhBQ1BtY1F4SUJka2FpSHZmQk9CRWRzUjVGbjBoUmIxK1NoV3RGQk1Edk1VR2IvUHhWZWw0a0o5LzZzaWIydUVlMzEyMTYyQkw1dWxaZjNNK0h4Skd4a2xYV3UyWE50T3VpSzA4MTFuYlplYkpWNzZmb1lHU3pSN0M2QWlUb1dLUksvUWxLOTNHS0o1M1VzMm0vcXpUYS8xdzhCUjJXZk5aMTlyejJvRXFadENNUkhtNTRVSC8ySGs3OHV6Nnkzb2U1YjVpY2JPZmNzWXhRbWVIM1FpS1ppTjUxVnpJcmpYZnhvN3ErQ0pzTFVLd1RXK002azd5N0dWaGY4ekRwWHZNT1NhTnQvb1JBU1A3S0xSeWpId21OalhLZnVTUEFhWWxEMUpFcVFKVmNWUGhYYzdyNG9YamZ0SjllWDFwOWt5WXB1dHE4OU5hQzhPamRPangwRjhaeXNEWXFRPT0iLCJjb250ZW50IjoiW2NvbnRhY3QtZmllbGQgbGFiZWw9XCJOb21cIiB0eXBlPVwibmFtZVwiICByZXF1aXJlZD1cInRydWVcIiAvXVtjb250YWN0LWZpZWxkIGxhYmVsPVwiRS1tYWlsXCIgdHlwZT1cImVtYWlsXCIgcmVxdWlyZWQ9XCJ0cnVlXCIgL11bY29udGFjdC1maWVsZCBsYWJlbD1cIlNpdGUgd2ViXCIgdHlwZT1cInVybFwiIC9dW2NvbnRhY3QtZmllbGQgbGFiZWw9XCJNZXNzYWdlXCIgdHlwZT1cInRleHRhcmVhXCIgL10iLCJoYXNoIjoiMDY2NWE3MDJlMWZiOTBmMDhjZTNiM2M0ZDc5ZDY5MWRlNDUxYmFhYSIsInNvdXJjZSI6eyJlbnRyeV90aXRsZSI6IkJvdWdpZSBBcnRpc2FuYWxlIFx1MjAxMyA1MGdyIiwiZW50cnlfcGFnZSI6MSwic291cmNlX2lkIjoxMzI4LCJzb3VyY2VfdHlwZSI6InNpbmdsZSIsInJlcXVlc3RfdXJsIjoiaHR0cHM6Ly9sYXBldGl0ZWphcmRpbmVyaWVkZXRoYW9uLmZyL3dwLWpzb24vd3AvdjIvcHJvZHVjdC8xMzI4In0sInZlcnNpb24iOjIsImNpcGhlciI6ImFlcy0yNTYtZ2NtIn0.bbGaoRYkE5_Myi7d0vMpDFP_je2AFabaxglbDgMyfto' \/>\n\n<div style=\"\"  data-wp-interactive=\"jetpack\/form\" data-wp-context='{\"fieldId\":\"g1328-nom\",\"fieldType\":\"name\",\"fieldLabel\":\"Nom\",\"fieldValue\":\"\",\"fieldPlaceholder\":\"\",\"fieldIsRequired\":\"1\",\"fieldErrorMessage\":\"\",\"fieldExtra\":[],\"formHash\":\"0665a702e1fb90f08ce3b3c4d79d691de451baaa\"}'  class='grunion-field-name-wrap grunion-field-wrap'  data-wp-init='callbacks.initializeField' data-wp-on--jetpack-form-reset='callbacks.initializeField' >\n<label\n\t\t\t\tfor='g1328-nom' class=\"grunion-field-label name\" >Nom<span class=\"grunion-label-required\" aria-hidden=\"true\">(required)<\/span><\/label>\n<input\n\t\t\t\t\ttype='text'\n\t\t\t\t\tname='g1328-nom'\n\t\t\t\t\tid='g1328-nom'\n\t\t\t\t\tvalue=''\n\n\t\t\t\t\tdata-wp-bind--aria-invalid='state.fieldHasErrors'\n\t\t\t\t\tdata-wp-bind--value='state.getFieldValue'\n\t\t\t\t\taria-errormessage='g1328-nom-text-error-message'\n\t\t\t\t\tdata-wp-on--input='actions.onFieldChange'\n\t\t\t\t\tdata-wp-on--blur='actions.onFieldBlur'\n\t\t\t\t\tdata-wp-class--has-value='state.hasFieldValue'\n\n\t\t\t\t\tclass='name  grunion-field' \n\t\t\t\t\trequired='true' aria-required='true'  \/>\n \n\t\t\t<div id=\"g1328-nom-text-error\" class=\"contact-form__input-error\" data-wp-class--has-errors=\"state.fieldHasErrors\">\n\t\t\t\t<span class=\"contact-form__warning-icon\">\n\t\t\t\t\t<svg width=\"16\" height=\"16\" viewBox=\"0 0 16 16\" fill=\"none\" xmlns=\"http:\/\/www.w3.org\/2000\/svg\">\n\t\t\t\t\t\t<path d=\"M8.50015 11.6402H7.50015V10.6402H8.50015V11.6402Z\" \/>\n\t\t\t\t\t\t<path d=\"M7.50015 9.64018H8.50015V6.30684H7.50015V9.64018Z\" \/>\n\t\t\t\t\t\t<path fill-rule=\"evenodd\" clip-rule=\"evenodd\" d=\"M6.98331 3.0947C7.42933 2.30177 8.57096 2.30177 9.01698 3.09469L13.8771 11.7349C14.3145 12.5126 13.7525 13.4735 12.8602 13.4735H3.14004C2.24774 13.4735 1.68575 12.5126 2.12321 11.7349L6.98331 3.0947ZM8.14541 3.58496C8.08169 3.47168 7.9186 3.47168 7.85488 3.58496L2.99478 12.2251C2.93229 12.3362 3.01257 12.4735 3.14004 12.4735H12.8602C12.9877 12.4735 13.068 12.3362 13.0055 12.2251L8.14541 3.58496Z\" \/>\n\t\t\t\t\t<\/svg>\n\t\t\t\t\t<span class=\"visually-hidden\">Warning<\/span>\n\t\t\t\t<\/span>\n\t\t\t\t<span data-wp-text=\"state.errorMessage\" id=\"g1328-nom-text-error-message\" role=\"alert\" aria-live=\"assertive\"><\/span>\n\t\t\t<\/div> \n\t<\/div>\n\n<div style=\"\"  data-wp-interactive=\"jetpack\/form\" data-wp-context='{\"fieldId\":\"g1328-email\",\"fieldType\":\"email\",\"fieldLabel\":\"E-mail\",\"fieldValue\":\"\",\"fieldPlaceholder\":\"\",\"fieldIsRequired\":\"1\",\"fieldErrorMessage\":\"\",\"fieldExtra\":[],\"formHash\":\"0665a702e1fb90f08ce3b3c4d79d691de451baaa\"}'  class='grunion-field-email-wrap grunion-field-wrap'  data-wp-init='callbacks.initializeField' data-wp-on--jetpack-form-reset='callbacks.initializeField' >\n<label\n\t\t\t\tfor='g1328-email' class=\"grunion-field-label email\" >E-mail<span class=\"grunion-label-required\" aria-hidden=\"true\">(required)<\/span><\/label>\n<input\n\t\t\t\t\ttype='email'\n\t\t\t\t\tname='g1328-email'\n\t\t\t\t\tid='g1328-email'\n\t\t\t\t\tvalue=''\n\n\t\t\t\t\tdata-wp-bind--aria-invalid='state.fieldHasErrors'\n\t\t\t\t\tdata-wp-bind--value='state.getFieldValue'\n\t\t\t\t\taria-errormessage='g1328-email-email-error-message'\n\t\t\t\t\tdata-wp-on--input='actions.onFieldChange'\n\t\t\t\t\tdata-wp-on--blur='actions.onFieldBlur'\n\t\t\t\t\tdata-wp-class--has-value='state.hasFieldValue'\n\n\t\t\t\t\tclass='email  grunion-field' \n\t\t\t\t\trequired='true' aria-required='true'  \/>\n \n\t\t\t<div id=\"g1328-email-email-error\" class=\"contact-form__input-error\" data-wp-class--has-errors=\"state.fieldHasErrors\">\n\t\t\t\t<span class=\"contact-form__warning-icon\">\n\t\t\t\t\t<svg width=\"16\" height=\"16\" viewBox=\"0 0 16 16\" fill=\"none\" xmlns=\"http:\/\/www.w3.org\/2000\/svg\">\n\t\t\t\t\t\t<path d=\"M8.50015 11.6402H7.50015V10.6402H8.50015V11.6402Z\" \/>\n\t\t\t\t\t\t<path d=\"M7.50015 9.64018H8.50015V6.30684H7.50015V9.64018Z\" \/>\n\t\t\t\t\t\t<path fill-rule=\"evenodd\" clip-rule=\"evenodd\" d=\"M6.98331 3.0947C7.42933 2.30177 8.57096 2.30177 9.01698 3.09469L13.8771 11.7349C14.3145 12.5126 13.7525 13.4735 12.8602 13.4735H3.14004C2.24774 13.4735 1.68575 12.5126 2.12321 11.7349L6.98331 3.0947ZM8.14541 3.58496C8.08169 3.47168 7.9186 3.47168 7.85488 3.58496L2.99478 12.2251C2.93229 12.3362 3.01257 12.4735 3.14004 12.4735H12.8602C12.9877 12.4735 13.068 12.3362 13.0055 12.2251L8.14541 3.58496Z\" \/>\n\t\t\t\t\t<\/svg>\n\t\t\t\t\t<span class=\"visually-hidden\">Warning<\/span>\n\t\t\t\t<\/span>\n\t\t\t\t<span data-wp-text=\"state.errorMessage\" id=\"g1328-email-email-error-message\" role=\"alert\" aria-live=\"assertive\"><\/span>\n\t\t\t<\/div> \n\t<\/div>\n\n<div style=\"\"  data-wp-interactive=\"jetpack\/form\" data-wp-context='{\"fieldId\":\"g1328-siteweb\",\"fieldType\":\"url\",\"fieldLabel\":\"Site web\",\"fieldValue\":\"\",\"fieldPlaceholder\":\"\",\"fieldIsRequired\":\"\",\"fieldErrorMessage\":\"\",\"fieldExtra\":[],\"formHash\":\"0665a702e1fb90f08ce3b3c4d79d691de451baaa\"}'  class='grunion-field-url-wrap grunion-field-wrap'  data-wp-init='callbacks.initializeField' data-wp-on--jetpack-form-reset='callbacks.initializeField' >\n<label\n\t\t\t\tfor='g1328-siteweb' class=\"grunion-field-label url\" >Site web<\/label>\n<input\n\t\t\t\t\ttype='text'\n\t\t\t\t\tname='g1328-siteweb'\n\t\t\t\t\tid='g1328-siteweb'\n\t\t\t\t\tvalue=''\n\n\t\t\t\t\tdata-wp-bind--aria-invalid='state.fieldHasErrors'\n\t\t\t\t\tdata-wp-bind--value='state.getFieldValue'\n\t\t\t\t\taria-errormessage='g1328-siteweb-text-error-message'\n\t\t\t\t\tdata-wp-on--input='actions.onFieldChange'\n\t\t\t\t\tdata-wp-on--blur='actions.onFieldBlur'\n\t\t\t\t\tdata-wp-class--has-value='state.hasFieldValue'\n\n\t\t\t\t\tclass='url  grunion-field' \n\t\t\t\t\t \/>\n \n\t\t\t<div id=\"g1328-siteweb-text-error\" class=\"contact-form__input-error\" data-wp-class--has-errors=\"state.fieldHasErrors\">\n\t\t\t\t<span class=\"contact-form__warning-icon\">\n\t\t\t\t\t<svg width=\"16\" height=\"16\" viewBox=\"0 0 16 16\" fill=\"none\" xmlns=\"http:\/\/www.w3.org\/2000\/svg\">\n\t\t\t\t\t\t<path d=\"M8.50015 11.6402H7.50015V10.6402H8.50015V11.6402Z\" \/>\n\t\t\t\t\t\t<path d=\"M7.50015 9.64018H8.50015V6.30684H7.50015V9.64018Z\" \/>\n\t\t\t\t\t\t<path fill-rule=\"evenodd\" clip-rule=\"evenodd\" d=\"M6.98331 3.0947C7.42933 2.30177 8.57096 2.30177 9.01698 3.09469L13.8771 11.7349C14.3145 12.5126 13.7525 13.4735 12.8602 13.4735H3.14004C2.24774 13.4735 1.68575 12.5126 2.12321 11.7349L6.98331 3.0947ZM8.14541 3.58496C8.08169 3.47168 7.9186 3.47168 7.85488 3.58496L2.99478 12.2251C2.93229 12.3362 3.01257 12.4735 3.14004 12.4735H12.8602C12.9877 12.4735 13.068 12.3362 13.0055 12.2251L8.14541 3.58496Z\" \/>\n\t\t\t\t\t<\/svg>\n\t\t\t\t\t<span class=\"visually-hidden\">Warning<\/span>\n\t\t\t\t<\/span>\n\t\t\t\t<span data-wp-text=\"state.errorMessage\" id=\"g1328-siteweb-text-error-message\" role=\"alert\" aria-live=\"assertive\"><\/span>\n\t\t\t<\/div> \n\t<\/div>\n\n<div style=\"\"  data-wp-interactive=\"jetpack\/form\" data-wp-context='{\"fieldId\":\"g1328-message\",\"fieldType\":\"textarea\",\"fieldLabel\":\"Message\",\"fieldValue\":\"\",\"fieldPlaceholder\":\"\",\"fieldIsRequired\":\"\",\"fieldErrorMessage\":\"\",\"fieldExtra\":[],\"formHash\":\"0665a702e1fb90f08ce3b3c4d79d691de451baaa\"}'  class='grunion-field-textarea-wrap grunion-field-wrap'  data-wp-init='callbacks.initializeField' data-wp-on--jetpack-form-reset='callbacks.initializeField' >\n<label\n\t\t\t\tfor='contact-form-comment-g1328-message' class=\"grunion-field-label textarea\" >Message<\/label>\n<textarea\n\t\t                style=''\n\t\t                name='g1328-message'\n\t\t                id='contact-form-comment-g1328-message'\n\t\t                rows='20'\n\t\t\t\t\t\tdata-wp-text='state.getFieldValue'\n\t\t\t\t\t\tdata-wp-on--input='actions.onFieldChange'\n\t\t\t\t\t\tdata-wp-on--blur='actions.onFieldBlur'\n\t\t\t\t\t\tdata-wp-class--has-value='state.hasFieldValue'\n\t\t\t\t\t\tdata-wp-bind--aria-invalid='state.fieldHasErrors'\n\t\t\t\t\t\taria-errormessage='g1328-message-textarea-error-message'\n\t\t\t\t\t\tclass='textarea  grunion-field'  ><\/textarea>\n \n\t\t\t<div id=\"g1328-message-textarea-error\" class=\"contact-form__input-error\" data-wp-class--has-errors=\"state.fieldHasErrors\">\n\t\t\t\t<span class=\"contact-form__warning-icon\">\n\t\t\t\t\t<svg width=\"16\" height=\"16\" viewBox=\"0 0 16 16\" fill=\"none\" xmlns=\"http:\/\/www.w3.org\/2000\/svg\">\n\t\t\t\t\t\t<path d=\"M8.50015 11.6402H7.50015V10.6402H8.50015V11.6402Z\" \/>\n\t\t\t\t\t\t<path d=\"M7.50015 9.64018H8.50015V6.30684H7.50015V9.64018Z\" \/>\n\t\t\t\t\t\t<path fill-rule=\"evenodd\" clip-rule=\"evenodd\" d=\"M6.98331 3.0947C7.42933 2.30177 8.57096 2.30177 9.01698 3.09469L13.8771 11.7349C14.3145 12.5126 13.7525 13.4735 12.8602 13.4735H3.14004C2.24774 13.4735 1.68575 12.5126 2.12321 11.7349L6.98331 3.0947ZM8.14541 3.58496C8.08169 3.47168 7.9186 3.47168 7.85488 3.58496L2.99478 12.2251C2.93229 12.3362 3.01257 12.4735 3.14004 12.4735H12.8602C12.9877 12.4735 13.068 12.3362 13.0055 12.2251L8.14541 3.58496Z\" \/>\n\t\t\t\t\t<\/svg>\n\t\t\t\t\t<span class=\"visually-hidden\">Warning<\/span>\n\t\t\t\t<\/span>\n\t\t\t\t<span data-wp-text=\"state.errorMessage\" id=\"g1328-message-textarea-error-message\" role=\"alert\" aria-live=\"assertive\"><\/span>\n\t\t\t<\/div>\n\t<\/div>\n\t<p class='contact-submit'>\n<div class=\"contact-form__error\" data-wp-class--show-errors=\"state.showFormErrors\"><span class=\"contact-form__warning-icon\"><span class=\"visually-hidden\">Warning.<\/span><i aria-hidden=\"true\"><\/i><\/span>\n\t\t\t\t<span data-wp-text=\"state.getFormErrorMessage\"><\/span>\n\t\t\t\t<ul>\n\t\t\t\t<template data-wp-each=\"state.getErrorList\" data-wp-key=\"context.item.id\">\n\t\t\t\t\t<li><a data-wp-bind--href=\"context.item.anchor\" data-wp-on--click=\"actions.scrollIntoView\" data-wp-text=\"context.item.label\"><\/a><\/li>\n\t\t\t\t<\/template>\n\t\t\t\t<\/ul><\/div><div class=\"contact-form__error\" data-wp-class--show-errors=\"state.showSubmissionError\" data-wp-text=\"context.submissionError\"><\/div>\t\t<button type='submit' class='pushbutton-wide'>Submit<\/button>\t\t<input type='hidden' name='contact-form-id' value='1328' \/>\n\t\t<input type='hidden' name='action' value='grunion-contact-form' \/>\n\t\t<input type='hidden' name='contact-form-hash' value='0665a702e1fb90f08ce3b3c4d79d691de451baaa' \/>\n\t<\/p>\n<p style=\"display: none !important;\" class=\"akismet-fields-container\" data-prefix=\"ak_\"><label>&#916;<textarea name=\"ak_hp_textarea\" cols=\"45\" rows=\"8\" maxlength=\"100\"><\/textarea><\/label><input type=\"hidden\" id=\"ak_js_1\" name=\"ak_js\" value=\"181\"\/><script>document.getElementById( \"ak_js_1\" ).setAttribute( \"value\", ( new Date() ).getTime() );<\/script><\/p><\/form>\n<\/div>\n<p data-start=\"1685\" data-end=\"1765\">\n","protected":false},"excerpt":{"rendered":"<p>Bougie parfum\u00e9e artisanale vegan \u00e0 la cire v\u00e9g\u00e9tale de coco, sans paraffine. Dot\u00e9e d\u2019une m\u00e8che en coton et chanvre, elle assure une combustion propre et homog\u00e8ne. Pr\u00e9sent\u00e9e dans une bo\u00eete d\u00e9corative (mod\u00e8les al\u00e9atoires), elle diffuse d\u00e9licatement son parfum pendant plusieurs heures.<\/p>\n","protected":false},"featured_media":1331,"comment_status":"open","ping_status":"closed","template":"","meta":{"advanced_seo_description":"","jetpack_seo_html_title":"","jetpack_seo_noindex":false,"jetpack_publicize_message":"","jetpack_publicize_feature_enabled":true,"jetpack_social_post_already_shared":true,"jetpack_social_options":{"image_generator_settings":{"template":"highway","default_image_id":0,"font":"","enabled":false},"version":2}},"product_brand":[357],"product_cat":[356,189],"product_tag":[358,197,359,362,360],"class_list":{"0":"post-1328","1":"product","2":"type-product","3":"status-publish","4":"has-post-thumbnail","6":"product_brand-cire-ambiance","7":"product_cat-bougie","8":"product_cat-idee-cadeau","9":"product_tag-bougie","10":"product_tag-cadeau","11":"product_tag-naturelle","12":"product_tag-senteur","13":"product_tag-vegan","15":"first","16":"instock","17":"featured","18":"taxable","19":"shipping-taxable","20":"purchasable","21":"product-type-simple"},"jetpack_publicize_connections":[],"jetpack_sharing_enabled":true,"_links":{"self":[{"href":"https:\/\/lapetitejardineriedethaon.fr\/index.php\/wp-json\/wp\/v2\/product\/1328","targetHints":{"allow":["GET"]}}],"collection":[{"href":"https:\/\/lapetitejardineriedethaon.fr\/index.php\/wp-json\/wp\/v2\/product"}],"about":[{"href":"https:\/\/lapetitejardineriedethaon.fr\/index.php\/wp-json\/wp\/v2\/types\/product"}],"replies":[{"embeddable":true,"href":"https:\/\/lapetitejardineriedethaon.fr\/index.php\/wp-json\/wp\/v2\/comments?post=1328"}],"wp:featuredmedia":[{"embeddable":true,"href":"https:\/\/lapetitejardineriedethaon.fr\/index.php\/wp-json\/wp\/v2\/media\/1331"}],"wp:attachment":[{"href":"https:\/\/lapetitejardineriedethaon.fr\/index.php\/wp-json\/wp\/v2\/media?parent=1328"}],"wp:term":[{"taxonomy":"product_brand","embeddable":true,"href":"https:\/\/lapetitejardineriedethaon.fr\/index.php\/wp-json\/wp\/v2\/product_brand?post=1328"},{"taxonomy":"product_cat","embeddable":true,"href":"https:\/\/lapetitejardineriedethaon.fr\/index.php\/wp-json\/wp\/v2\/product_cat?post=1328"},{"taxonomy":"product_tag","embeddable":true,"href":"https:\/\/lapetitejardineriedethaon.fr\/index.php\/wp-json\/wp\/v2\/product_tag?post=1328"}],"curies":[{"name":"wp","href":"https:\/\/api.w.org\/{rel}","templated":true}]}}